{"id":6795,"date":"2019-03-22T02:19:32","date_gmt":"2019-03-22T01:19:32","guid":{"rendered":"https:\/\/mapindoor.eu\/impresum\/"},"modified":"2022-06-20T11:37:55","modified_gmt":"2022-06-20T10:37:55","slug":"impresum","status":"publish","type":"page","link":"https:\/\/mapindoor.eu\/sk\/impresum\/","title":{"rendered":"Impresum"},"content":{"rendered":"<p>[et_pb_section fb_built=&#8220;1&#8243; _builder_version=&#8220;4.16&#8243; background_color=&#8220;#cfd8de&#8220; da_disable_devices=&#8220;off|off|off&#8220; global_colors_info=&#8220;{}&#8220; da_is_popup=&#8220;off&#8220; da_exit_intent=&#8220;off&#8220; da_has_close=&#8220;on&#8220; da_alt_close=&#8220;off&#8220; da_dark_close=&#8220;off&#8220; da_not_modal=&#8220;on&#8220; da_is_singular=&#8220;off&#8220; da_with_loader=&#8220;off&#8220; da_has_shadow=&#8220;on&#8220;][et_pb_row _builder_version=&#8220;4.16&#8243; global_colors_info=&#8220;{}&#8220;][et_pb_column type=&#8220;4_4&#8243; _builder_version=&#8220;4.16&#8243; custom_padding=&#8220;|||&#8220; global_colors_info=&#8220;{}&#8220; custom_padding__hover=&#8220;|||&#8220;][et_pb_text _builder_version=&#8220;4.17.0&#8243; custom_padding=&#8220;3px|||||&#8220; hover_enabled=&#8220;0&#8243; global_colors_info=&#8220;{}&#8220; sticky_enabled=&#8220;0&#8243;]IMPRESUM<\/p>\n<p>Inform\u00e1cie v s\u00falade s \u00a7 5 TMG (nemeck\u00fd z\u00e1kon):<\/p>\n<p>MAP INDOOR DEU GmbH<br \/>\nLindberghstrasse 8<br \/>\nD-80939 Mn\u00edchov<\/p>\n<p>T: +49 (0)89 74034233<br \/>\nF: +49 (0)89 74034235<br \/>\nE: info@mapindoor.eu<br \/>\nW: mapindoor.eu<\/p>\n<p>Pr\u00e1vna forma: <small>nemeck\u00e1 spolo\u010dnos\u0165 s ru\u010den\u00edm obmedzen\u00fdm<\/small><br \/>\nSitz: Mn\u00edchov<br \/>\nRegistra\u010dn\u00fd s\u00fad: Miestny s\u00fad v Mn\u00edchove (Amtsgericht M\u00fcnchen)<br \/>\nRegister spolo\u010dnosti:<small>HRB244432<\/small><\/p>\n<p>VAT: DE321751813<\/p>\n<p>Vedenie:<br \/>\nMario Vokal, konzulta\u010dn\u00fd in\u017einier<br \/>\nNorbert Vokal, konzulta\u010dn\u00fd in\u017einier<\/p>\n<p>Zodpoved\u00e1 za obsah pod\u013ea \u00a7 55 ods. 2 RStV (Nemecko):<\/p>\n<p>MAP INDOOR DEU GmbH<br \/>\nLindberghstrasse 8<br \/>\nD-80939 M\u00fcnchen<\/p>\n<p>&nbsp;<\/p>\n<p>Sn\u00edmky<br \/>\nVokal+Partner, MAP INDOOR DEU GmbH, MAP INDOOR Bratislava s.r.o., \u00a9redBytes, \u00a9dreamstime,\u00a9Fotolia,\u00a9PiurImaging, \u00a9Amos, \u00a9davis, \u00a9johannesspreter, \u00a9industrieblick, \u00a9Tiberius Gracchus, \u00a9Aleksey Sergeychik, \u00a9hansenn, \u00a9rilueda, \u00a9artstudio_pro, \u00a9zhu difeng, \u00a9djama, \u00a93532studio, \u00a9bramgino, \u00a94Max, \u00a9guteksk7, \u00a9blackzheep<\/p>\n<p>Video<br \/>\nMAP INDOOR DEU GmbH, MAP INDOOR Bratislava s.r.o., \u00a9drohneninspec, \u00a9dreamstime<\/p>\n<p>&nbsp;[\/et_pb_text][\/et_pb_column][\/et_pb_row][\/et_pb_section]<\/p>\n","protected":false},"excerpt":{"rendered":"<p>IMPRESUM Inform\u00e1cie v s\u00falade s \u00a7 5 TMG (nemeck\u00fd z\u00e1kon): MAP INDOOR DEU GmbH Lindberghstrasse 8 D-80939 Mn\u00edchov T: +49 (0)89 74034233 F: +49 (0)89 74034235 E: info@mapindoor.eu W: mapindoor.eu Pr\u00e1vna forma: nemeck\u00e1 spolo\u010dnos\u0165 s ru\u010den\u00edm obmedzen\u00fdm Sitz: Mn\u00edchov Registra\u010dn\u00fd s\u00fad: Miestny s\u00fad v Mn\u00edchove (Amtsgericht M\u00fcnchen) Register spolo\u010dnosti:HRB244432 VAT: DE321751813 Vedenie: Mario Vokal, konzulta\u010dn\u00fd [&hellip;]<\/p>\n","protected":false},"author":2,"featured_media":0,"parent":0,"menu_order":0,"comment_status":"closed","ping_status":"closed","template":"","meta":{"_et_pb_use_builder":"on","_et_pb_old_content":"","_et_gb_content_width":"","footnotes":""},"class_list":["post-6795","page","type-page","status-publish","hentry"],"_links":{"self":[{"href":"https:\/\/mapindoor.eu\/sk\/wp-json\/wp\/v2\/pages\/6795","targetHints":{"allow":["GET"]}}],"collection":[{"href":"https:\/\/mapindoor.eu\/sk\/wp-json\/wp\/v2\/pages"}],"about":[{"href":"https:\/\/mapindoor.eu\/sk\/wp-json\/wp\/v2\/types\/page"}],"author":[{"embeddable":true,"href":"https:\/\/mapindoor.eu\/sk\/wp-json\/wp\/v2\/users\/2"}],"replies":[{"embeddable":true,"href":"https:\/\/mapindoor.eu\/sk\/wp-json\/wp\/v2\/comments?post=6795"}],"version-history":[{"count":4,"href":"https:\/\/mapindoor.eu\/sk\/wp-json\/wp\/v2\/pages\/6795\/revisions"}],"predecessor-version":[{"id":14476,"href":"https:\/\/mapindoor.eu\/sk\/wp-json\/wp\/v2\/pages\/6795\/revisions\/14476"}],"wp:attachment":[{"href":"https:\/\/mapindoor.eu\/sk\/wp-json\/wp\/v2\/media?parent=6795"}],"curies":[{"name":"wp","href":"https:\/\/api.w.org\/{rel}","templated":true}]}}