{"id":6791,"date":"2021-10-22T15:39:29","date_gmt":"2021-10-22T14:39:29","guid":{"rendered":"https:\/\/mapindoor.eu\/ochrana-dat\/"},"modified":"2021-10-22T15:39:30","modified_gmt":"2021-10-22T14:39:30","slug":"ochrana-dat","status":"publish","type":"page","link":"https:\/\/mapindoor.eu\/sk\/ochrana-dat\/","title":{"rendered":"Ochrana d\u00e1t"},"content":{"rendered":"<p>[et_pb_section fb_built=&#8220;1&#8243; _builder_version=&#8220;3.22&#8243; background_color=&#8220;#cfd8de&#8220;][et_pb_row _builder_version=&#8220;3.25&#8243; background_size=&#8220;initial&#8220; background_position=&#8220;top_left&#8220; background_repeat=&#8220;repeat&#8220;][et_pb_column type=&#8220;4_4&#8243; _builder_version=&#8220;3.25&#8243; custom_padding=&#8220;|||&#8220; custom_padding__hover=&#8220;|||&#8220;][et_pb_text _builder_version=&#8220;4.0.9&#8243; background_size=&#8220;initial&#8220; background_position=&#8220;top_left&#8220; background_repeat=&#8220;repeat&#8220;]<\/p>\n<p><!-- divi:paragraph --><strong>Z\u00c1SADY OCHRANY OSOBN\u00ddCH \u00daDAJOV<\/strong><\/p>\n<p><strong>Kto je zodpovedn\u00fd za spracovanie \u00fadajov a koho m\u00f4\u017eem kontaktova\u0165?<\/strong><\/p>\n<p>MAP INDOOR DEU GmbH<br \/> Lindberghstr. 8<br \/> 80939 Mn\u00edchov<br \/> Vedenie: Norbert Vokal<br \/> Telefon: +49 (0) 89 74034233<br \/> E-Mail: info@mapindoor.eu<br \/> <strong><br \/> <\/strong><strong>Verejn\u00fd adres\u00e1r proced\u00far<br \/><\/strong>Na\u0161e spracovanie va\u0161ich \u00fadajov a va\u0161e pr\u00e1va &#8211; inform\u00e1cie pod\u013ea \u010dl\u00e1nkov 13, 14 a 21 v\u0161eobecn\u00e9ho nariadenia E\u00da o ochrane \u00fadajov (GDPR), ozn\u00e1menia o ochrane \u00fadajov (platn\u00e9 od 25.5.2018) na stiahnutie, <a href=\"https:\/\/mapindoor.eu\/wp-content\/uploads\/2019\/03\/MAP-INDOOR-Datenverarbeitungsverzeichnis-V1-21.11.2018.pdf\" target=\"_blank\" rel=\"noopener noreferrer\"><span style=\"color: #ff0000;\"><strong>adres\u00e1r spracovania \u00fadajov<\/strong><\/span><\/a>.<\/p>\n<p id=\"Information-About-Children\"><strong>Inform\u00e1cie o de\u0165och<\/strong><br \/> Str\u00e1nky nie s\u00fa ur\u010den\u00e9 pre deti mlad\u0161ie ako 13 rokov a my vedome ani z\u00e1merne nezhroma\u017e\u010fujeme inform\u00e1cie o de\u0165och mlad\u0161\u00edch ako 13 rokov. Ak sa domnievate, \u017ee sme zhroma\u017edili inform\u00e1cie o die\u0165ati mlad\u0161om ako 13 rokov, kontaktujte n\u00e1s na adrese <a href=\"mailto:info@mapindoor.eu\"><span style=\"color: #ff0000;\">info@mapindoor.eu<\/span><\/a>, aby sme tieto inform\u00e1cie mohli vymaza\u0165.<\/p>\n<p><strong>Zodpovednos\u0165 za obsah<\/strong><br \/> Obsah dostupn\u00fd na na\u0161ej webovej str\u00e1nke sl\u00fa\u017ei na v\u0161eobecn\u00e9 informa\u010dn\u00e9 \u00fa\u010dely a nie na poskytovanie poradenstva v konkr\u00e9tnych pr\u00edpadoch. Vynaklad\u00e1me maxim\u00e1lne \u00fasilie na to, aby v\u0161etky inform\u00e1cie a \u00fadaje uveden\u00e9 na webovej str\u00e1nke boli spr\u00e1vne a aktu\u00e1lne v s\u00falade s \u00a7 7 ods. 1 nemeck\u00e9ho z\u00e1kona o telem\u00e9di\u00e1ch (TMG).  Za spr\u00e1vnos\u0165, \u00faplnos\u0165, aktu\u00e1lnos\u0165 a kvalitu inform\u00e1ci\u00ed a \u00fadajov poskytnut\u00fdch v s\u00falade s \u00a7\u00a7 8 a\u017e 10 TMG v\u0161ak nenesie \u017eiadnu zodpovednos\u0165. Zodpovednos\u0165 za obsah vyh\u013ead\u00e1van\u00fdch inform\u00e1ci\u00ed je vyl\u00fa\u010den\u00e1, pokia\u013e nejde o pr\u00edpad \u00famyselnej alebo hrubo nedbanlivej dezinform\u00e1cie. Povinnosti odstr\u00e1ni\u0165 alebo zablokova\u0165 pou\u017e\u00edvanie inform\u00e1ci\u00ed v s\u00falade so v\u0161eobecn\u00fdmi z\u00e1konmi t\u00fdm nie s\u00fa dotknut\u00e9. Zodpovednos\u0165 v tomto oh\u013eade je v\u0161ak mo\u017en\u00e1 a\u017e od okamihu, ke\u010f sa dozviete o konkr\u00e9tnom poru\u0161en\u00ed. Ak sa o takomto poru\u0161en\u00ed dozvieme, tento obsah okam\u017eite odstr\u00e1nime.<\/p>\n<p><strong>Zodpovednos\u0165 za prepojenia<\/strong><br \/> Nezodpoved\u00e1me za obsah webov\u00fdch str\u00e1nok, na ktor\u00e9 sa dostanete prostredn\u00edctvom hypertextov\u00e9ho odkazu. Za obsah odkazovan\u00fdch str\u00e1nok s\u00fa zodpovedn\u00ed v\u00fdlu\u010dne ich prev\u00e1dzkovatelia. Obsah t\u00fdchto internetov\u00fdch str\u00e1nok v\u00fdslovne neprij\u00edmame za svoj vlastn\u00fd, a preto nem\u00f4\u017eeme zaru\u010di\u0165 spr\u00e1vnos\u0165, \u00faplnos\u0165 a dostupnos\u0165 obsahu. Pri prvom vytvoren\u00ed prepojenia sme skontrolovali extern\u00fd obsah, aby sme zistili, \u010di m\u00f4\u017ee vies\u0165 k ob\u010dianskopr\u00e1vnej alebo trestnopr\u00e1vnej zodpovednosti. Nie sme v\u0161ak povinn\u00ed neust\u00e1le kontrolova\u0165 obsah, na ktor\u00fd odkazujeme v na\u0161ej ponuke, \u010di nedo\u0161lo k zmen\u00e1m, ktor\u00e9 by mohli vies\u0165 k vzniku novej zodpovednosti. Len v pr\u00edpade, \u017ee zist\u00edme alebo budeme informovan\u00ed in\u00fdmi osobami, \u017ee konkr\u00e9tna ponuka, na ktor\u00fa sme poskytli odkaz, zaklad\u00e1 ob\u010dianskopr\u00e1vnu alebo trestnopr\u00e1vnu zodpovednos\u0165, odstr\u00e1nime odkaz na t\u00fato ponuku, pokia\u013e je to pre n\u00e1s technicky mo\u017en\u00e9 a primeran\u00e9.<\/p>\n<p><strong>Autorsk\u00e9 pr\u00e1va (copyright)<\/strong><br \/> Obsah a diela na na\u0161ich webov\u00fdch str\u00e1nkach podliehaj\u00fa nemeck\u00e9mu autorsk\u00e9mu pr\u00e1vu. V\u0161etky pr\u00edspevky tret\u00edch str\u00e1n s\u00fa takto ozna\u010den\u00e9. Na rozmno\u017eovanie, \u00fapravu, \u0161\u00edrenie a ak\u00fdko\u013evek druh pou\u017eitia nad r\u00e1mec autorsk\u00fdch pr\u00e1v je potrebn\u00fd p\u00edsomn\u00fd s\u00fahlas pr\u00edslu\u0161n\u00e9ho autora alebo tvorcu. Kop\u00edrovanie t\u00fdchto str\u00e1nok je povolen\u00e9 len na s\u00fakromn\u00e9 pou\u017eitie, ale nie na komer\u010dn\u00e9 \u00fa\u010dely.<\/p>\n<p><strong>Vyhl\u00e1senie o ochrane \u00fadajovstrong<br \/><\/strong> Zodpovednou osobou v zmysle z\u00e1konov o ochrane \u00fadajov, najm\u00e4 v\u0161eobecn\u00e9ho nariadenia E\u00da o ochrane \u00fadajov (GDPR), je:<br \/> MAP INDOOR DEU GmbH<br \/> Lindberghstr. 8<br \/> 80939 Mn\u00edchov<br \/> Telefon: +49 (0) 89 74034233<br \/> E-Mail: info@mapindoor.eu<\/p>\n<p><strong>Va\u0161e pr\u00e1va na ochranu \u00fadajovestrong<br \/><\/strong>Nasleduj\u00face pr\u00e1va m\u00f4\u017eete kedyko\u013evek uplatni\u0165 prostredn\u00edctvom kontaktn\u00fdch \u00fadajov poskytnut\u00fdch na\u0161\u00edm \u00faradn\u00edkom pre ochranu \u00fadajov:<\/p>\n<ul>\n<li>Inform\u00e1cie o va\u0161ich \u00fadajoch ulo\u017een\u00fdch u n\u00e1s a sp\u00f4sobe ich spracovania,<\/li>\n<li>Oprava nepresn\u00fdch osobn\u00fdch \u00fadajov,<\/li>\n<li>Vymazanie va\u0161ich \u00fadajov ulo\u017een\u00fdch u n\u00e1s,<\/li>\n<li>Obmedzenie spracovania \u00fadajov, ak e\u0161te nem\u00f4\u017eeme vymaza\u0165 va\u0161e \u00fadaje z d\u00f4vodu z\u00e1konn\u00fdch povinnost\u00ed,<\/li>\n<li>n\u00e1mietka proti spracovaniu va\u0161ich \u00fadajov u n\u00e1s a<\/li>\n<li>Prenosnos\u0165 \u00fadajov za predpokladu, \u017ee ste s\u00fahlasili so spracovan\u00edm \u00fadajov alebo ste s nami uzavreli zmluvu.<\/li>\n<\/ul>\n<p>Ak ste n\u00e1m udelili s\u00fahlas, m\u00f4\u017eete ho kedyko\u013evek odvola\u0165 s \u00fa\u010dinnos\u0165ou do bud\u00facnosti.<br \/> S\u0165a\u017enos\u0165 m\u00f4\u017eete kedyko\u013evek poda\u0165 dozorn\u00e9mu org\u00e1nu, ktor\u00fd je za v\u00e1s zodpovedn\u00fd. V\u00e1\u0161 pr\u00edslu\u0161n\u00fd dozorn\u00fd org\u00e1n z\u00e1vis\u00ed od spolkovej krajiny v\u00e1\u0161ho bydliska, va\u0161ej pr\u00e1ce alebo \u00fadajn\u00e9ho poru\u0161enia. Zoznam org\u00e1nov doh\u013eadu (pre neverejn\u00fd sektor) s adresou n\u00e1jdete na: <span style=\"color: #ff0000;\"><a href=\"https:\/\/www.bfdi.bund.de\/DE\/Infothek\/Anschriften_Links\/anschriften_links-node.html\" target=\"_blank\" rel=\"noopener noreferrer\" style=\"color: #ff0000;\">https:\/\/www.bfdi.bund.de\/DE\/Infothek\/Anschriften_Links\/anschriften_links-node.html.<\/a><\/span><\/p>\n<p><strong>\u00da\u010dely sprac\u00favania \u00fadajov prev\u00e1dzkovate\u013eom a tret\u00edmi subjektmi<br \/><\/strong>Sprac\u00favame va\u0161e osobn\u00e9 \u00fadaje len na \u00fa\u010dely uveden\u00e9 v tomto vyhl\u00e1sen\u00ed o ochrane osobn\u00fdch \u00fadajov. Va\u0161e osobn\u00e9 \u00fadaje sa nebud\u00fa pren\u00e1\u0161a\u0165 tret\u00edm stran\u00e1m na in\u00e9 ako uveden\u00e9 \u00fa\u010dely. Va\u0161e osobn\u00e9 \u00fadaje budeme zdie\u013ea\u0165 s tret\u00edmi stranami len vtedy, ak:<\/p>\n<ul>\n<li>Ste s t\u00fdm v\u00fdslovne s\u00fahlasili,<\/li>\n<li>spracovanie je nevyhnutn\u00e9 na plnenie zmluvy s vami,<\/li>\n<li>spracovanie je nevyhnutn\u00e9 na splnenie z\u00e1konnej povinnosti,<\/li>\n<\/ul>\n<p>sprac\u00favanie je nevyhnutn\u00e9 na ochranu opr\u00e1vnen\u00fdch z\u00e1ujmov a neexistuje d\u00f4vod predpoklada\u0165, \u017ee m\u00e1te preva\u017euj\u00faci opr\u00e1vnen\u00fd z\u00e1ujem va\u0161e \u00fadaje nezverejni\u0165.<\/p>\n<p><strong>Vymazanie alebo blokovanie \u00fadajov<br \/><\/strong>Dodr\u017eiavame z\u00e1sady vyh\u00fdbania sa \u00fadajom a hospod\u00e1rnosti s \u00fadajmi. Va\u0161e osobn\u00e9 \u00fadaje preto uchov\u00e1vame len tak dlho, ako je to potrebn\u00e9 na dosiahnutie tu uveden\u00fdch \u00fa\u010delov alebo ako to stanovuj\u00fa r\u00f4zne lehoty uchov\u00e1vania stanoven\u00e9 z\u00e1konom. Po skon\u010den\u00ed pr\u00edslu\u0161n\u00e9ho \u00fa\u010delu alebo uplynut\u00ed t\u00fdchto obdob\u00ed sa pr\u00edslu\u0161n\u00e9 \u00fadaje be\u017ene blokuj\u00fa alebo vymaz\u00e1vaj\u00fa v s\u00falade so z\u00e1konn\u00fdmi ustanoveniami.<\/p>\n<p><strong>Cookies<br \/><\/strong>Tak ako mnoh\u00e9 in\u00e9 webov\u00e9 str\u00e1nky, aj my pou\u017e\u00edvame takzvan\u00e9 &#8222;cookies&#8220;. S\u00fabory cookie s\u00fa mal\u00e9 textov\u00e9 s\u00fabory, ktor\u00e9 sa pren\u00e1\u0161aj\u00fa zo servera webovej lokality na v\u00e1\u0161 pevn\u00fd disk. To n\u00e1m automaticky poskytuje ur\u010dit\u00e9 \u00fadaje, napr\u00edklad IP adresu, pou\u017e\u00edvan\u00fd prehliada\u010d, opera\u010dn\u00fd syst\u00e9m a va\u0161e pripojenie k internetu.<br \/> S\u00fabory cookie nemo\u017eno pou\u017ei\u0165 na sp\u00fa\u0161\u0165anie programov ani na prenos v\u00edrusov do po\u010d\u00edta\u010da. Inform\u00e1cie obsiahnut\u00e9 v s\u00faboroch cookie n\u00e1m umo\u017e\u0148uj\u00fa u\u013eah\u010di\u0165 va\u0161u navig\u00e1ciu a umo\u017eni\u0165 spr\u00e1vne zobrazenie na\u0161ich webov\u00fdch str\u00e1nok.<br \/> \u00dadaje, ktor\u00e9 zhroma\u017e\u010fujeme, sa za \u017eiadnych okolnost\u00ed neposkytuj\u00fa tret\u00edm stran\u00e1m ani sa nesp\u00e1jaj\u00fa s osobn\u00fdmi \u00fadajmi bez v\u00e1\u0161ho s\u00fahlasu.<br \/> Samozrejme, na\u0161e webov\u00e9 str\u00e1nky si m\u00f4\u017eete prezera\u0165 aj bez s\u00faborov cookie. Internetov\u00e9 prehliada\u010de s\u00fa pravidelne nastaven\u00e9 na prij\u00edmanie s\u00faborov cookie. Vo v\u0161eobecnosti m\u00f4\u017eete pou\u017e\u00edvanie s\u00faborov cookie kedyko\u013evek deaktivova\u0165 prostredn\u00edctvom nastaven\u00ed svojho prehliada\u010da. Ak chcete zisti\u0165, ako zmeni\u0165 tieto nastavenia, pou\u017eite pomocn\u00e9 funkcie svojho internetov\u00e9ho prehliada\u010da. Upozor\u0148ujeme, \u017ee jednotliv\u00e9 funkcie na\u0161ej webovej str\u00e1nky nemusia fungova\u0165, ak ste deaktivovali pou\u017e\u00edvanie s\u00faborov cookie.<\/p>\n<p><strong>\u0160ifrovanie SSL<br \/><\/strong>Na ochranu bezpe\u010dnosti va\u0161ich \u00fadajov po\u010das prenosu pou\u017e\u00edvame najmodernej\u0161ie met\u00f3dy \u0161ifrovania (napr. SSL) prostredn\u00edctvom protokolu HTTPS.<\/p>\n<p><strong>Pou\u017e\u00edvanie skriptov\u00fdch kni\u017en\u00edc (Google Web Fonts)<br \/><\/strong>Aby sa n\u00e1\u0161 obsah zobrazoval spr\u00e1vne a graficky pr\u00ed\u0165a\u017elivo vo v\u0161etk\u00fdch prehliada\u010doch, pou\u017e\u00edvame na tejto webovej lokalite skriptov\u00e9 kni\u017enice a kni\u017enice p\u00edsiem, napr\u00edklad Google Web Fonts (<span style=\"color: #ff0000;\"><a href=\"http:\/\/www.google.com\/webfonts\/\" target=\"_blank\" rel=\"noopener noreferrer\" style=\"color: #ff0000;\">https:\/\/www.google.com\/webfonts\/<\/a><\/span>). Webov\u00e9 p\u00edsma Google sa pren\u00e1\u0161aj\u00fa do vyrovn\u00e1vacej pam\u00e4te prehliada\u010da, aby sa zabr\u00e1nilo viacn\u00e1sobn\u00e9mu na\u010d\u00edtaniu. Ak prehliada\u010d nepodporuje webov\u00e9 p\u00edsma Google alebo zabr\u00e1ni pr\u00edstupu, obsah sa zobraz\u00ed \u0161tandardn\u00fdm p\u00edsmom.<br \/> Vyvolanie kni\u017en\u00edc skriptov alebo kni\u017en\u00edc p\u00edsiem automaticky vyvol\u00e1 spojenie s prev\u00e1dzkovate\u013eom kni\u017enice. Teoreticky je mo\u017en\u00e9 &#8211; hoci v s\u00fa\u010dasnosti nie je jasn\u00e9, \u010di a na ak\u00e9 \u00fa\u010dely -, \u017ee prev\u00e1dzkovatelia tak\u00fdchto kni\u017en\u00edc zhroma\u017e\u010fuj\u00fa \u00fadaje.<br \/> Z\u00e1sady ochrany osobn\u00fdch \u00fadajov prev\u00e1dzkovate\u013ea kni\u017enice Google n\u00e1jdete tu: <span style=\"color: #ff0000;\"><a href=\"https:\/\/www.google.com\/policies\/privacy\/\" target=\"_blank\" rel=\"noopener noreferrer\" style=\"color: #ff0000;\">https:\/\/www.google.com\/policies\/privacy\/<\/a><\/span><\/p>\n<p><strong>Pou\u017e\u00edvanie slu\u017eby Google Maps<br \/><\/strong>T\u00e1to webov\u00e1 str\u00e1nka vyu\u017e\u00edva rozhranie Google Maps API na vizu\u00e1lne zobrazenie geografick\u00fdch inform\u00e1ci\u00ed. Pri pou\u017e\u00edvan\u00ed Google Maps spolo\u010dnos\u0165 Google zhroma\u017e\u010fuje, spracov\u00e1va a pou\u017e\u00edva aj \u00fadaje o pou\u017e\u00edvan\u00ed funkci\u00ed mapy n\u00e1v\u0161tevn\u00edkmi. \u010eal\u0161ie inform\u00e1cie o <span style=\"color: #ff0000;\"><a href=\"http:\/\/www.google.com\/privacypolicy.html\" target=\"_blank\" rel=\"noopener noreferrer\" style=\"color: #ff0000;\">spracovan\u00ed \u00fadajov spolo\u010dnos\u0165ou Google<\/a><\/span> n\u00e1jdete v z\u00e1sad\u00e1ch ochrany osobn\u00fdch \u00fadajov spolo\u010dnosti Google. V centre ochrany \u00fadajov m\u00f4\u017eete tie\u017e zmeni\u0165 nastavenia ochrany osobn\u00fdch \u00fadajov.<br \/> Podrobn\u00e9 pokyny na spr\u00e1vu vlastn\u00fdch \u00fadajov v s\u00favislosti s produktmi Google <span style=\"color: #ff0000;\"><a href=\"http:\/\/www.dataliberation.org\/\" target=\"_blank\" rel=\"noopener noreferrer\" style=\"color: #ff0000;\">n\u00e1jdete tu<\/a><\/span>.<\/p>\n<p><strong>Vlo\u017een\u00e9 vide\u00e1 YouTube<br \/> <\/strong>Na niektor\u00e9 na\u0161e webov\u00e9 str\u00e1nky sme vlo\u017eili vide\u00e1 zo slu\u017eby YouTube. Prev\u00e1dzkovate\u013eom pr\u00edslu\u0161n\u00fdch z\u00e1suvn\u00fdch modulov je spolo\u010dnos\u0165 YouTube, LLC, 901 Cherry Ave, San Bruno, CA 94066, USA. Ke\u010f nav\u0161t\u00edvite str\u00e1nku s pluginom YouTube, vytvor\u00ed sa spojenie so servermi YouTube. T\u00fdmto sp\u00f4sobom informujete slu\u017ebu Youtube o tom, ktor\u00e9 str\u00e1nky nav\u0161tevujete. Ak ste prihl\u00e1sen\u00ed do svojho konta YouTube, YouTube m\u00f4\u017ee priradi\u0165 va\u0161e spr\u00e1vanie pri surfovan\u00ed k v\u00e1m osobne. M\u00f4\u017eete tomu zabr\u00e1ni\u0165 tak, \u017ee sa najprv odhl\u00e1site zo svojho konta Youtube.<br \/> Ke\u010f sa spust\u00ed video v slu\u017ebe Youtube, poskytovate\u013e pou\u017e\u00edva s\u00fabory cookie, ktor\u00e9 zhroma\u017e\u010fuj\u00fa inform\u00e1cie o spr\u00e1van\u00ed pou\u017e\u00edvate\u013ea.<br \/> T\u00ed, ktor\u00ed deaktivovali ukladanie s\u00faborov cookie pre reklamn\u00fd program Google, nebud\u00fa musie\u0165 pri sledovan\u00ed vide\u00ed na YouTube o\u010dak\u00e1va\u0165 \u017eiadne tak\u00e9to s\u00fabory cookie. Spolo\u010dnos\u0165 Youtube v\u0161ak uklad\u00e1 neosobn\u00e9 inform\u00e1cie o pou\u017e\u00edvan\u00ed aj do in\u00fdch s\u00faborov cookie. Ak tomu chcete zabr\u00e1ni\u0165, mus\u00edte zablokova\u0165 ukladanie s\u00faborov cookie v prehliada\u010di.\u010eal\u0161ie inform\u00e1cie o ochrane \u00fadajov v slu\u017ebe &#8222;Youtube&#8220; n\u00e1jdete vo vyhl\u00e1sen\u00ed poskytovate\u013ea o ochrane \u00fadajov na:<span style=\"color: #ff0000;\"><a href=\"https:\/\/www.google.de\/intl\/de\/policies\/privacy\/\" target=\"_blank\" rel=\"noopener noreferrer\" style=\"color: #ff0000;\">https:\/\/www.google.de\/intl\/de\/policies\/privacy\/.<\/a><\/span> <\/p>\n<p><strong>Zmeny na\u0161ich z\u00e1sad ochrany osobn\u00fdch \u00fadajov<br \/><\/strong>Vyhradzujeme si pr\u00e1vo upravi\u0165 tieto z\u00e1sady ochrany osobn\u00fdch \u00fadajov tak, aby boli v\u017edy v s\u00falade s aktu\u00e1lnymi pr\u00e1vnymi po\u017eiadavkami, alebo implementova\u0165 zmeny na\u0161ich slu\u017eieb do z\u00e1sad ochrany osobn\u00fdch \u00fadajov, napr. pri zav\u00e1dzan\u00ed nov\u00fdch slu\u017eieb. Nov\u00e9 z\u00e1sady ochrany osobn\u00fdch \u00fadajov sa potom bud\u00fa uplat\u0148ova\u0165 pri va\u0161ej \u010fal\u0161ej n\u00e1v\u0161teve.<\/p>\n<p><strong>Ot\u00e1zky t\u00fdkaj\u00face sa ochrany \u00fadajov<br \/><\/strong>Ak m\u00e1te ak\u00e9ko\u013evek ot\u00e1zky t\u00fdkaj\u00face sa ochrany \u00fadajov, nap\u00ed\u0161te n\u00e1m e-mail:<br \/> <span style=\"color: #ff0000;\"><a style=\"color: #ff0000;\" href=\"mailto:info@mapindoor.eu\">svk.info@mapindoor.eu<\/a><\/span><\/p>\n<p><!-- \/divi:heading --><\/p>\n<p>[\/et_pb_text][\/et_pb_column][\/et_pb_row][\/et_pb_section]<\/p>\n","protected":false},"excerpt":{"rendered":"<p>Z\u00c1SADY OCHRANY OSOBN\u00ddCH \u00daDAJOV Kto je zodpovedn\u00fd za spracovanie \u00fadajov a koho m\u00f4\u017eem kontaktova\u0165? MAP INDOOR DEU GmbH Lindberghstr. 8 80939 Mn\u00edchov Vedenie: Norbert Vokal Telefon: +49 (0) 89 74034233 E-Mail: info@mapindoor.eu Verejn\u00fd adres\u00e1r proced\u00farNa\u0161e spracovanie va\u0161ich \u00fadajov a va\u0161e pr\u00e1va &#8211; inform\u00e1cie pod\u013ea \u010dl\u00e1nkov 13, 14 a 21 v\u0161eobecn\u00e9ho nariadenia E\u00da o ochrane \u00fadajov [&hellip;]<\/p>\n","protected":false},"author":2,"featured_media":0,"parent":0,"menu_order":0,"comment_status":"closed","ping_status":"closed","template":"","meta":{"_et_pb_use_builder":"on","_et_pb_old_content":"","_et_gb_content_width":"","footnotes":""},"class_list":["post-6791","page","type-page","status-publish","hentry"],"_links":{"self":[{"href":"https:\/\/mapindoor.eu\/sk\/wp-json\/wp\/v2\/pages\/6791","targetHints":{"allow":["GET"]}}],"collection":[{"href":"https:\/\/mapindoor.eu\/sk\/wp-json\/wp\/v2\/pages"}],"about":[{"href":"https:\/\/mapindoor.eu\/sk\/wp-json\/wp\/v2\/types\/page"}],"author":[{"embeddable":true,"href":"https:\/\/mapindoor.eu\/sk\/wp-json\/wp\/v2\/users\/2"}],"replies":[{"embeddable":true,"href":"https:\/\/mapindoor.eu\/sk\/wp-json\/wp\/v2\/comments?post=6791"}],"version-history":[{"count":2,"href":"https:\/\/mapindoor.eu\/sk\/wp-json\/wp\/v2\/pages\/6791\/revisions"}],"predecessor-version":[{"id":6793,"href":"https:\/\/mapindoor.eu\/sk\/wp-json\/wp\/v2\/pages\/6791\/revisions\/6793"}],"wp:attachment":[{"href":"https:\/\/mapindoor.eu\/sk\/wp-json\/wp\/v2\/media?parent=6791"}],"curies":[{"name":"wp","href":"https:\/\/api.w.org\/{rel}","templated":true}]}}