{"id":14501,"date":"2022-06-20T12:20:37","date_gmt":"2022-06-20T11:20:37","guid":{"rendered":"https:\/\/mapindoor.eu\/projekty\/"},"modified":"2022-11-14T20:54:10","modified_gmt":"2022-11-14T19:54:10","slug":"projekty","status":"publish","type":"page","link":"https:\/\/mapindoor.eu\/sk\/projekty\/","title":{"rendered":"Projekty"},"content":{"rendered":"<p>[et_pb_section fb_built=&#8220;1&#8243; custom_padding_last_edited=&#8220;off|desktop&#8220; admin_label=&#8220;Header&#8220; _builder_version=&#8220;4.16&#8243; _module_preset=&#8220;default&#8220; custom_padding=&#8220;4vw||1vw||false|false&#8220; custom_padding_tablet=&#8220;0px||||false|false&#8220; da_disable_devices=&#8220;off|off|off&#8220; global_colors_info=&#8220;{%22gcid-c3ac2a62-ba66-479b-ad4a-f2673e4f8569%22:%91%93,%22gcid-6edfddea-9100-48c7-b1bb-9159152c549d%22:%91%93,%22gcid-f6fcb6e8-4014-4f14-b98a-b6379b276484%22:%91%93}&#8220; da_is_popup=&#8220;off&#8220; da_exit_intent=&#8220;off&#8220; da_has_close=&#8220;on&#8220; da_alt_close=&#8220;off&#8220; da_dark_close=&#8220;off&#8220; da_not_modal=&#8220;on&#8220; da_is_singular=&#8220;off&#8220; da_with_loader=&#8220;off&#8220; da_has_shadow=&#8220;on&#8220;][et_pb_row make_equal=&#8220;on&#8220; _builder_version=&#8220;4.16&#8243; _module_preset=&#8220;default&#8220; locked=&#8220;off&#8220; global_colors_info=&#8220;{}&#8220;][et_pb_column type=&#8220;4_4&#8243; _builder_version=&#8220;4.16&#8243; _module_preset=&#8220;default&#8220; global_colors_info=&#8220;{}&#8220;][et_pb_text _builder_version=&#8220;4.16&#8243; _module_preset=&#8220;b0bf5418-994a-43d1-aef8-7d7c6764119d&#8220; header_font_size=&#8220;72px&#8220; header_line_height=&#8220;1.2em&#8220; header_font_size_tablet=&#8220;40px&#8220; header_font_size_phone=&#8220;24px&#8220; header_font_size_last_edited=&#8220;on|desktop&#8220; locked=&#8220;off&#8220; global_colors_info=&#8220;{%22gcid-950d7fff-a32d-40ef-83df-61dacee8f149%22:%91%93}&#8220;]<\/p>\n<h1>Na\u0161e projekty<\/h1>\n<p>[\/et_pb_text][et_pb_text _builder_version=&#8220;4.16&#8243; _module_preset=&#8220;5985fc7f-e75f-4dbb-bfb8-fb1cea25c0e9&#8243; text_font_size=&#8220;16px&#8220; text_line_height=&#8220;1.8em&#8220; max_width=&#8220;1084px&#8220; text_font_size_tablet=&#8220;15px&#8220; text_font_size_phone=&#8220;13px&#8220; text_font_size_last_edited=&#8220;on|phone&#8220; locked=&#8220;off&#8220; global_colors_info=&#8220;{}&#8220;]Vyh\u013eadajte si z na\u0161ej zbierky projektov partnerskej siete MAP INDOOR pod\u013ea vlastn\u00fdch krit\u00e9ri\u00ed a \u017eelan\u00ed.[\/et_pb_text][\/et_pb_column][\/et_pb_row][\/et_pb_section][et_pb_section fb_built=&#8220;1&#8243; admin_label=&#8220;Projekte&#8220; _builder_version=&#8220;4.17.3&#8243; _module_preset=&#8220;default&#8220; background_color=&#8220;#CFD8DE&#8220; custom_padding=&#8220;2vw||2vw||true|false&#8220; da_disable_devices=&#8220;off|off|off&#8220; global_colors_info=&#8220;{%22gcid-6edfddea-9100-48c7-b1bb-9159152c549d%22:%91%93,%22gcid-f6fcb6e8-4014-4f14-b98a-b6379b276484%22:%91%93}&#8220; da_is_popup=&#8220;off&#8220; da_exit_intent=&#8220;off&#8220; da_has_close=&#8220;on&#8220; da_alt_close=&#8220;off&#8220; da_dark_close=&#8220;off&#8220; da_not_modal=&#8220;on&#8220; da_is_singular=&#8220;off&#8220; da_with_loader=&#8220;off&#8220; da_has_shadow=&#8220;on&#8220;][et_pb_row use_custom_gutter=&#8220;on&#8220; gutter_width=&#8220;2&#8243; make_equal=&#8220;on&#8220; _builder_version=&#8220;4.16&#8243; _module_preset=&#8220;default&#8220; hover_enabled=&#8220;0&#8243; global_colors_info=&#8220;{}&#8220; sticky_enabled=&#8220;0&#8243;][et_pb_column type=&#8220;4_4&#8243; _builder_version=&#8220;4.16&#8243; _module_preset=&#8220;default&#8220; global_colors_info=&#8220;{}&#8220;][et_pb_filterable_portfolio fullwidth=&#8220;off&#8220; posts_number=&#8220;12&#8243; include_categories=&#8220;34,21,26,27,112,120,117,119,116,122,121,110,35,113,111,146&#8243; show_categories=&#8220;off&#8220; zoom_icon_color=&#8220;#44535C&#8220; hover_overlay_color=&#8220;rgba(255,255,255,0.8)&#8220; _builder_version=&#8220;4.17.4&#8243; _module_preset=&#8220;default&#8220; title_font=&#8220;|600|||||||&#8220; title_text_align=&#8220;center&#8220; title_font_size=&#8220;14px&#8220; title_line_height=&#8220;2em&#8220; filter_font=&#8220;|600||on|||||&#8220; filter_text_color=&#8220;#44535C&#8220; filter_font_size=&#8220;13px&#8220; filter_letter_spacing=&#8220;1px&#8220; filter_line_height=&#8220;0.9em&#8220; caption_font=&#8220;||||||||&#8220; caption_text_color=&#8220;#26323A&#8220; pagination_text_color=&#8220;#26323A&#8220; pagination_font_size=&#8220;14px&#8220; text_orientation=&#8220;center&#8220; custom_margin=&#8220;|||0px|false|false&#8220; hover_enabled=&#8220;0&#8243; global_colors_info=&#8220;{}&#8220; sticky_enabled=&#8220;0&#8243;][\/et_pb_filterable_portfolio][\/et_pb_column][\/et_pb_row][\/et_pb_section][et_pb_section fb_built=&#8220;1&#8243; admin_label=&#8220;Contact&#8220; _builder_version=&#8220;4.16&#8243; _module_preset=&#8220;default&#8220; background_color=&#8220;#FFFFFF&#8220; use_background_color_gradient=&#8220;on&#8220; background_color_gradient_stops=&#8220;#ffffff 60%|#26323a 60%&#8220; background_color_gradient_start=&#8220;#ffffff&#8220; background_color_gradient_start_position=&#8220;60%&#8220; background_color_gradient_end=&#8220;#26323a&#8220; background_color_gradient_end_position=&#8220;60%&#8220; custom_padding=&#8220;3vw||2vw||false|false&#8220; da_disable_devices=&#8220;off|off|off&#8220; global_module=&#8220;3361&#8243; locked=&#8220;off&#8220; global_colors_info=&#8220;{}&#8220; da_is_popup=&#8220;off&#8220; da_exit_intent=&#8220;off&#8220; da_has_close=&#8220;on&#8220; da_alt_close=&#8220;off&#8220; da_dark_close=&#8220;off&#8220; da_not_modal=&#8220;on&#8220; da_is_singular=&#8220;off&#8220; da_with_loader=&#8220;off&#8220; da_has_shadow=&#8220;on&#8220;][et_pb_row column_structure=&#8220;1_2,1_2&#8243; _builder_version=&#8220;4.16&#8243; _module_preset=&#8220;default&#8220; vertical_offset=&#8220;100px&#8220; position_origin_a_last_edited=&#8220;off|desktop&#8220; position_origin_f_last_edited=&#8220;off|desktop&#8220; position_origin_r_last_edited=&#8220;off|desktop&#8220; custom_margin=&#8220;||||false|false&#8220; positioning_last_edited=&#8220;off|desktop&#8220; global_colors_info=&#8220;{}&#8220;][et_pb_column type=&#8220;1_2&#8243; _builder_version=&#8220;4.16&#8243; _module_preset=&#8220;default&#8220; custom_padding=&#8220;||0px||false|false&#8220; global_colors_info=&#8220;{}&#8220;][et_pb_text _builder_version=&#8220;4.16&#8243; _module_preset=&#8220;f8d684f2-7dea-446a-90ca-3def9e1f7ce8&#8243; text_font_size=&#8220;16px&#8220; header_font=&#8220;||||||||&#8220; header_2_font=&#8220;||||||||&#8220; header_2_text_color=&#8220;#26323A&#8220; header_2_line_height=&#8220;1.7em&#8220; custom_margin=&#8220;||10px||false|false&#8220; custom_padding=&#8220;||||false|false&#8220; header_2_font_phone=&#8220;Default|500|||||||&#8220; header_2_font_last_edited=&#8220;off|desktop&#8220; header_2_font_size_tablet=&#8220;32px&#8220; header_2_font_size_phone=&#8220;20px&#8220; header_2_font_size_last_edited=&#8220;on|phone&#8220; locked=&#8220;off&#8220; global_colors_info=&#8220;{}&#8220;]Nena\u0161li ste na na\u0161ich str\u00e1nkach inform\u00e1cie, v ktor\u00e9 ste d\u00fafali?<\/p>\n<h2>Nap\u00ed\u0161te n\u00e1m<\/h2>\n<p>[\/et_pb_text][et_pb_text _builder_version=&#8220;4.16&#8243; _module_preset=&#8220;5985fc7f-e75f-4dbb-bfb8-fb1cea25c0e9&#8243; text_font=&#8220;||||||||&#8220; text_text_color=&#8220;#26323A&#8220; text_font_size=&#8220;16px&#8220; text_line_height=&#8220;2em&#8220; custom_padding=&#8220;||2px|||&#8220; text_font_size_tablet=&#8220;15px&#8220; text_font_size_phone=&#8220;13px&#8220; text_font_size_last_edited=&#8220;on|phone&#8220; locked=&#8220;off&#8220; global_colors_info=&#8220;{}&#8220;]Ozveme sa v\u00e1m do 24 hod\u00edn, aby sme mohli \u00faspe\u0161ne dokon\u010di\u0165 aj v\u00e1\u0161 prest\u00ed\u017eny projekt.<\/p>\n<ul>\n<li>Op\u00ed\u0161te n\u00e1m svoju po\u017eiadavku.<\/li>\n<li>Vy\u017eiadajte si bro\u017e\u00fary k jednotliv\u00fdm t\u00e9mam.<\/li>\n<li>Dohodnite si s nami stretnutie.<\/li>\n<\/ul>\n<p>Alebo n\u00e1m zavolajte:<strong> \u00a0+421 944 2400 88<\/strong>[\/et_pb_text][\/et_pb_column][et_pb_column type=&#8220;1_2&#8243; _builder_version=&#8220;4.16&#8243; _module_preset=&#8220;default&#8220; custom_padding=&#8220;||0px||false|false&#8220; custom_padding_tablet=&#8220;||80px||false|false&#8220; custom_padding_phone=&#8220;||100px||false|false&#8220; custom_padding_last_edited=&#8220;on|desktop&#8220; global_colors_info=&#8220;{}&#8220;][et_pb_image src=&#8220;https:\/\/mapindoor.eu\/wp-content\/uploads\/2021\/08\/scanner.png&#8220; title_text=&#8220;scanner&#8220; show_bottom_space_last_edited=&#8220;off|tablet&#8220; align_tablet=&#8220;center&#8220; align_phone=&#8220;&#8220; align_last_edited=&#8220;on|tablet&#8220; _builder_version=&#8220;4.16&#8243; _module_preset=&#8220;default&#8220; max_width=&#8220;80%&#8220; custom_margin=&#8220;-120px||||false|false&#8220; custom_margin_tablet=&#8220;-60px||||false|false&#8220; custom_margin_phone=&#8220;-30px||||false|false&#8220; custom_margin_last_edited=&#8220;on|phone&#8220; global_colors_info=&#8220;{}&#8220;][\/et_pb_image][\/et_pb_column][\/et_pb_row][et_pb_row admin_label=&#8220;Top Left Edge&#8220; _builder_version=&#8220;4.16&#8243; _module_preset=&#8220;default&#8220; width=&#8220;100%&#8220; max_width=&#8220;430px&#8220; custom_margin=&#8220;|||51%|false|false&#8220; custom_margin_tablet=&#8220;&#8220; custom_margin_phone=&#8220;&#8220; custom_margin_last_edited=&#8220;on|tablet&#8220; custom_padding=&#8220;0px||0px||true|false&#8220; module_alignment_tablet=&#8220;center&#8220; module_alignment_phone=&#8220;&#8220; module_alignment_last_edited=&#8220;on|desktop&#8220; locked=&#8220;off&#8220; global_colors_info=&#8220;{}&#8220;][et_pb_column type=&#8220;4_4&#8243; _builder_version=&#8220;4.16&#8243; _module_preset=&#8220;default&#8220; custom_padding=&#8220;0px||0px||true|false&#8220; global_colors_info=&#8220;{}&#8220;][et_pb_divider show_divider=&#8220;off&#8220; admin_label=&#8220;Divider&#8220; _builder_version=&#8220;4.16&#8243; _module_preset=&#8220;default&#8220; background_enable_color=&#8220;off&#8220; use_background_color_gradient=&#8220;on&#8220; background_color_gradient_direction=&#8220;45deg&#8220; background_color_gradient_stops=&#8220;#d90f16 50%|rgba(0,0,0,0) 50%&#8220; background_color_gradient_start=&#8220;#d90f16&#8243; background_color_gradient_start_position=&#8220;50%&#8220; background_color_gradient_end=&#8220;rgba(0,0,0,0)&#8220; background_color_gradient_end_position=&#8220;50%&#8220; transform_scale_linked=&#8220;off&#8220; transform_translate=&#8220;100%|0px&#8220; transform_translate_linked=&#8220;off&#8220; positioning=&#8220;absolute&#8220; position_origin_a=&#8220;top_right&#8220; width=&#8220;20px&#8220; min_height=&#8220;0px&#8220; height=&#8220;22px&#8220; locked=&#8220;off&#8220; global_colors_info=&#8220;{}&#8220;][\/et_pb_divider][\/et_pb_column][\/et_pb_row][et_pb_row custom_padding_last_edited=&#8220;on|desktop&#8220; _builder_version=&#8220;4.16&#8243; _module_preset=&#8220;default&#8220; background_color=&#8220;#44535C&#8220; width=&#8220;100%&#8220; max_width=&#8220;430px&#8220; custom_margin=&#8220;|auto|34px|51%|false|false&#8220; custom_margin_tablet=&#8220;&#8220; custom_margin_phone=&#8220;&#8220; custom_margin_last_edited=&#8220;on|desktop&#8220; custom_padding=&#8220;2vw|40px|2vw|40px|true|true&#8220; custom_padding_tablet=&#8220;40px|30px|40px|30px|true|true&#8220; custom_padding_phone=&#8220;|20px||20px|true|true&#8220; module_alignment_tablet=&#8220;center&#8220; module_alignment_phone=&#8220;&#8220; module_alignment_last_edited=&#8220;on|tablet&#8220; box_shadow_style=&#8220;preset4&#8243; box_shadow_horizontal=&#8220;20px&#8220; box_shadow_vertical=&#8220;20px&#8220; box_shadow_color=&#8220;#D90F16&#8243; locked=&#8220;off&#8220; global_colors_info=&#8220;{%22gcid-4c754952-8207-4136-b7cc-f3d93882233e%22:%91%93,%22gcid-512c8554-5b4b-4309-8b3d-0c39e09bf5f4%22:%91%93}&#8220;][et_pb_column type=&#8220;4_4&#8243; _builder_version=&#8220;4.16&#8243; _module_preset=&#8220;default&#8220; background_color=&#8220;#44535C&#8220; global_colors_info=&#8220;{}&#8220;][et_pb_contact_form email=&#8220;svk.info@mapindoor.eu&#8220; custom_message=&#8220;Name: %%Name%%||et_pb_line_break_holder||Email: %%Email%%||et_pb_line_break_holder||Sende an: %%Sendto%%||et_pb_line_break_holder||||et_pb_line_break_holder||Nachricht:||et_pb_line_break_holder||%%Message%%&#8220; success_message=&#8220;\u010eakujeme v\u00e1m za va\u0161u spr\u00e1vu.&#8220; submit_button_text=&#8220;Posla\u0165&#8220; _builder_version=&#8220;4.17.3&#8243; _module_preset=&#8220;default&#8220; _unique_id=&#8220;3abfd273-e3ab-47a7-8b45-c588ff6f3305&#8243; form_field_background_color=&#8220;#FFFFFF&#8220; form_field_text_color=&#8220;#26323A&#8220; title_text_color=&#8220;#FFFFFF&#8220; captcha_text_color=&#8220;#FFFFFF&#8220; captcha_letter_spacing=&#8220;5px&#8220; form_field_font=&#8220;||||||||&#8220; custom_button=&#8220;on&#8220; button_text_size=&#8220;13px&#8220; button_text_color=&#8220;#FFFFFF&#8220; button_bg_color=&#8220;#26323A&#8220; button_border_width=&#8220;0px&#8220; button_border_radius=&#8220;4px&#8220; button_letter_spacing=&#8220;1px&#8220; button_font=&#8220;|600||on|||||&#8220; button_use_icon=&#8220;off&#8220; button_custom_margin=&#8220;||||false|false&#8220; button_custom_padding=&#8220;15px|25px|15px|25px|true|true&#8220; custom_css_main_element=&#8220;color:white;&#8220; box_shadow_style_button=&#8220;preset1&#8243; locked=&#8220;off&#8220; global_colors_info=&#8220;{%22gcid-950d7fff-a32d-40ef-83df-61dacee8f149%22:%91%93,%22gcid-413ff3d0-4822-46e4-830e-410c4d65a0a1%22:%91%93}&#8220;][et_pb_contact_field field_id=&#8220;Name&#8220; field_title=&#8220;Va\u0161e meno&#8220; fullwidth_field=&#8220;on&#8220; _builder_version=&#8220;4.16&#8243; global_colors_info=&#8220;{}&#8220; button_text_size__hover_enabled=&#8220;off&#8220; button_one_text_size__hover_enabled=&#8220;off&#8220; button_two_text_size__hover_enabled=&#8220;off&#8220; button_text_color__hover_enabled=&#8220;off&#8220; button_one_text_color__hover_enabled=&#8220;off&#8220; button_two_text_color__hover_enabled=&#8220;off&#8220; button_border_width__hover_enabled=&#8220;off&#8220; button_one_border_width__hover_enabled=&#8220;off&#8220; button_two_border_width__hover_enabled=&#8220;off&#8220; button_border_color__hover_enabled=&#8220;off&#8220; button_one_border_color__hover_enabled=&#8220;off&#8220; button_two_border_color__hover_enabled=&#8220;off&#8220; button_border_radius__hover_enabled=&#8220;off&#8220; button_one_border_radius__hover_enabled=&#8220;off&#8220; button_two_border_radius__hover_enabled=&#8220;off&#8220; button_letter_spacing__hover_enabled=&#8220;off&#8220; button_one_letter_spacing__hover_enabled=&#8220;off&#8220; button_two_letter_spacing__hover_enabled=&#8220;off&#8220; button_bg_color__hover_enabled=&#8220;off&#8220; button_one_bg_color__hover_enabled=&#8220;off&#8220; button_two_bg_color__hover_enabled=&#8220;off&#8220;][\/et_pb_contact_field][et_pb_contact_field field_id=&#8220;Email&#8220; field_title=&#8220;Emailov\u00e1 adresa&#8220; field_type=&#8220;email&#8220; fullwidth_field=&#8220;on&#8220; _builder_version=&#8220;4.16&#8243; global_colors_info=&#8220;{}&#8220; button_text_size__hover_enabled=&#8220;off&#8220; button_one_text_size__hover_enabled=&#8220;off&#8220; button_two_text_size__hover_enabled=&#8220;off&#8220; button_text_color__hover_enabled=&#8220;off&#8220; button_one_text_color__hover_enabled=&#8220;off&#8220; button_two_text_color__hover_enabled=&#8220;off&#8220; button_border_width__hover_enabled=&#8220;off&#8220; button_one_border_width__hover_enabled=&#8220;off&#8220; button_two_border_width__hover_enabled=&#8220;off&#8220; button_border_color__hover_enabled=&#8220;off&#8220; button_one_border_color__hover_enabled=&#8220;off&#8220; button_two_border_color__hover_enabled=&#8220;off&#8220; button_border_radius__hover_enabled=&#8220;off&#8220; button_one_border_radius__hover_enabled=&#8220;off&#8220; button_two_border_radius__hover_enabled=&#8220;off&#8220; button_letter_spacing__hover_enabled=&#8220;off&#8220; button_one_letter_spacing__hover_enabled=&#8220;off&#8220; button_two_letter_spacing__hover_enabled=&#8220;off&#8220; button_bg_color__hover_enabled=&#8220;off&#8220; button_one_bg_color__hover_enabled=&#8220;off&#8220; button_two_bg_color__hover_enabled=&#8220;off&#8220;][\/et_pb_contact_field][et_pb_contact_field field_id=&#8220;Sendto&#8220; field_title=&#8220;Odosla\u0165 na&#8220; field_type=&#8220;select&#8220; select_options=&#8220;%91{%22value%22:%22T\u00edm Mn\u00edchov%22,%22checked%22:0,%22dragID%22:-1},{%22value%22:%22T\u00edm Bratislava%22,%22checked%22:0,%22dragID%22:0},{%22value%22:%22T\u00edm London%22,%22checked%22:0,%22dragID%22:1},{%22value%22:%22T\u00edm Praha%22,%22checked%22:0,%22dragID%22:2}%93&#8243; fullwidth_field=&#8220;on&#8220; _builder_version=&#8220;4.17.3&#8243; _module_preset=&#8220;default&#8220; global_colors_info=&#8220;{}&#8220;][\/et_pb_contact_field][et_pb_contact_field field_id=&#8220;Message&#8220; field_title=&#8220;V\u00e1\u0161 odkaz&#8220; field_type=&#8220;text&#8220; fullwidth_field=&#8220;on&#8220; _builder_version=&#8220;4.16&#8243; form_field_line_height=&#8220;1.2em&#8220; global_colors_info=&#8220;{}&#8220; button_text_size__hover_enabled=&#8220;off&#8220; button_one_text_size__hover_enabled=&#8220;off&#8220; button_two_text_size__hover_enabled=&#8220;off&#8220; button_text_color__hover_enabled=&#8220;off&#8220; button_one_text_color__hover_enabled=&#8220;off&#8220; button_two_text_color__hover_enabled=&#8220;off&#8220; button_border_width__hover_enabled=&#8220;off&#8220; button_one_border_width__hover_enabled=&#8220;off&#8220; button_two_border_width__hover_enabled=&#8220;off&#8220; button_border_color__hover_enabled=&#8220;off&#8220; button_one_border_color__hover_enabled=&#8220;off&#8220; button_two_border_color__hover_enabled=&#8220;off&#8220; button_border_radius__hover_enabled=&#8220;off&#8220; button_one_border_radius__hover_enabled=&#8220;off&#8220; button_two_border_radius__hover_enabled=&#8220;off&#8220; button_letter_spacing__hover_enabled=&#8220;off&#8220; button_one_letter_spacing__hover_enabled=&#8220;off&#8220; button_two_letter_spacing__hover_enabled=&#8220;off&#8220; button_bg_color__hover_enabled=&#8220;off&#8220; button_one_bg_color__hover_enabled=&#8220;off&#8220; button_two_bg_color__hover_enabled=&#8220;off&#8220;][\/et_pb_contact_field][\/et_pb_contact_form][\/et_pb_column][\/et_pb_row][et_pb_row admin_label=&#8220;Bottom Right Edge&#8220; _builder_version=&#8220;4.16&#8243; _module_preset=&#8220;default&#8220; width=&#8220;100%&#8220; max_width=&#8220;430px&#8220; custom_margin=&#8220;-35px|auto||51%|false|false&#8220; custom_padding=&#8220;0px||0px||true|false&#8220; locked=&#8220;off&#8220; global_colors_info=&#8220;{}&#8220;][et_pb_column type=&#8220;4_4&#8243; _builder_version=&#8220;4.16&#8243; _module_preset=&#8220;default&#8220; global_colors_info=&#8220;{}&#8220;][et_pb_divider show_divider=&#8220;off&#8220; admin_label=&#8220;Divider&#8220; _builder_version=&#8220;4.16&#8243; _module_preset=&#8220;default&#8220; background_enable_color=&#8220;off&#8220; use_background_color_gradient=&#8220;on&#8220; background_color_gradient_direction=&#8220;45deg&#8220; background_color_gradient_stops=&#8220;rgba(0,0,0,0) 50%|#d90f16 50%&#8220; background_color_gradient_start=&#8220;rgba(0,0,0,0)&#8220; background_color_gradient_start_position=&#8220;50%&#8220; background_color_gradient_end=&#8220;#d90f16&#8243; background_color_gradient_end_position=&#8220;50%&#8220; positioning=&#8220;absolute&#8220; width=&#8220;20px&#8220; min_height=&#8220;0px&#8220; height=&#8220;20px&#8220; locked=&#8220;off&#8220; global_colors_info=&#8220;{}&#8220;][\/et_pb_divider][\/et_pb_column][\/et_pb_row][\/et_pb_section]<\/p>\n","protected":false},"excerpt":{"rendered":"<p>Na\u0161e projektyVyh\u013eadajte si z na\u0161ej zbierky projektov partnerskej siete MAP INDOOR pod\u013ea vlastn\u00fdch krit\u00e9ri\u00ed a \u017eelan\u00ed.Nena\u0161li ste na na\u0161ich str\u00e1nkach inform\u00e1cie, v ktor\u00e9 ste d\u00fafali? Nap\u00ed\u0161te n\u00e1mOzveme sa v\u00e1m do 24 hod\u00edn, aby sme mohli \u00faspe\u0161ne dokon\u010di\u0165 aj v\u00e1\u0161 prest\u00ed\u017eny projekt. Op\u00ed\u0161te n\u00e1m svoju po\u017eiadavku. Vy\u017eiadajte si bro\u017e\u00fary k jednotliv\u00fdm t\u00e9mam. Dohodnite si s nami [&hellip;]<\/p>\n","protected":false},"author":4,"featured_media":0,"parent":0,"menu_order":0,"comment_status":"closed","ping_status":"closed","template":"","meta":{"_et_pb_use_builder":"on","_et_pb_old_content":"","_et_gb_content_width":"","footnotes":""},"class_list":["post-14501","page","type-page","status-publish","hentry"],"_links":{"self":[{"href":"https:\/\/mapindoor.eu\/sk\/wp-json\/wp\/v2\/pages\/14501","targetHints":{"allow":["GET"]}}],"collection":[{"href":"https:\/\/mapindoor.eu\/sk\/wp-json\/wp\/v2\/pages"}],"about":[{"href":"https:\/\/mapindoor.eu\/sk\/wp-json\/wp\/v2\/types\/page"}],"author":[{"embeddable":true,"href":"https:\/\/mapindoor.eu\/sk\/wp-json\/wp\/v2\/users\/4"}],"replies":[{"embeddable":true,"href":"https:\/\/mapindoor.eu\/sk\/wp-json\/wp\/v2\/comments?post=14501"}],"version-history":[{"count":4,"href":"https:\/\/mapindoor.eu\/sk\/wp-json\/wp\/v2\/pages\/14501\/revisions"}],"predecessor-version":[{"id":15419,"href":"https:\/\/mapindoor.eu\/sk\/wp-json\/wp\/v2\/pages\/14501\/revisions\/15419"}],"wp:attachment":[{"href":"https:\/\/mapindoor.eu\/sk\/wp-json\/wp\/v2\/media?parent=14501"}],"curies":[{"name":"wp","href":"https:\/\/api.w.org\/{rel}","templated":true}]}}