{"id":17164,"date":"2023-09-06T11:55:21","date_gmt":"2023-09-06T10:55:21","guid":{"rendered":"https:\/\/mapindoor.eu\/protection-des-donnees\/"},"modified":"2023-09-06T11:55:22","modified_gmt":"2023-09-06T10:55:22","slug":"protection-des-donnees","status":"publish","type":"page","link":"https:\/\/mapindoor.eu\/fr\/protection-des-donnees\/","title":{"rendered":"Protection des donn\u00e9es"},"content":{"rendered":"<p>[et_pb_section fb_built=\u00a0\u00bb1&Prime; _builder_version=\u00a0\u00bb3.22&Prime; background_color=\u00a0\u00bb#cfd8de\u00a0\u00bb][et_pb_row _builder_version=\u00a0\u00bb3.25&Prime; background_size=\u00a0\u00bbinitial\u00a0\u00bb background_position=\u00a0\u00bbtop_left\u00a0\u00bb background_repeat=\u00a0\u00bbrepeat\u00a0\u00bb][et_pb_column type=\u00a0\u00bb4_4&Prime; _builder_version=\u00a0\u00bb3.25&Prime; custom_padding=\u00a0\u00bb|||\u00a0\u00bb custom_padding__hover=\u00a0\u00bb|||\u00a0\u00bb][et_pb_text _builder_version=\u00a0\u00bb4.0.9&Prime; background_size=\u00a0\u00bbinitial\u00a0\u00bb background_position=\u00a0\u00bbtop_left\u00a0\u00bb background_repeat=\u00a0\u00bbrepeat\u00a0\u00bb]<\/p>\n<p><strong>D\u00c9CLARATION DE PROTECTION DES DONN\u00c9ES<\/strong><\/p>\n<p><strong>Qui est responsable du traitement des donn\u00e9es et \u00e0 qui puis-je m&rsquo;adresser <\/strong><strong>?<\/strong><\/p>\n<p>MAP INDOOR DEU GmbH<br \/>Lindberghstr. 8<br \/>80939 Munich<br \/>Directeur g\u00e9n\u00e9ral : Norbert Vokal<br \/>T\u00e9l\u00e9phone : +49 (0) 89 74034233<br \/>E-Mail: info@mapindoor.eu<br \/><strong><br \/><\/strong><strong>R\u00e9pertoire public des proc\u00e9dures<br \/><\/strong>Notre traitement de vos donn\u00e9es et vos droits &#8211; Information selon les articles 13, 14 et 21 du R\u00e8glement g\u00e9n\u00e9ral sur la protection des donn\u00e9es de l&rsquo;UE (RGPD), Informations sur la protection des donn\u00e9es (valables \u00e0 partir du 25.05.2018) \u00e0 t\u00e9l\u00e9charger, <a href=\"https:\/\/mapindoor.eu\/wp-content\/uploads\/2019\/03\/MAP-INDOOR-Datenverarbeitungsverzeichnis-V1-21.11.2018.pdf\" target=\"_blank\" rel=\"noopener noreferrer\"><span style=\"color: #ff0000;\"><strong>Registre de traitement des donn\u00e9es<\/strong><\/span><\/a>.<\/p>\n<p id=\"Information-About-Children\"><strong>Informations sur les enfants<\/strong><br \/>Les sites Web ne sont pas destin\u00e9s aux enfants de moins de 13 ans et nous ne collectons pas sciemment ou intentionnellement des informations sur les enfants de moins de 13 ans. Si vous pensez que nous avons collect\u00e9 des informations sur un enfant de moins de 13 ans, contactez-nous \u00e0 l&rsquo;adresse <a href=\"mailto:info@mapindoor.eu\"><span style=\"color: #ff0000;\">info@mapindoor.eu<\/span><\/a> afin que nous puissions supprimer ces informations.<\/p>\n<p><strong>Responsabilit\u00e9 du contenu<\/strong><br \/>Les contenus disponibles sur nos pages web ont pour but de fournir des informations g\u00e9n\u00e9rales et non des conseils dans des cas concrets. Nous nous effor\u00e7ons de veiller \u00e0 l&rsquo;exactitude et \u00e0 l&rsquo;actualit\u00e9 de toutes les informations et donn\u00e9es contenues sur le site web conform\u00e9ment au \u00a7 7 alin\u00e9a 1 de la loi allemande sur les m\u00e9dias \u00e9lectroniques (TMG). Nous n&rsquo;assumons toutefois aucune garantie quant \u00e0 l&rsquo;exactitude, l&rsquo;exhaustivit\u00e9, l&rsquo;actualit\u00e9 ou la qualit\u00e9 des informations et donn\u00e9es mises \u00e0 disposition, conform\u00e9ment aux \u00a7\u00a7 8 \u00e0 10 de la TMG. La responsabilit\u00e9 pour le contenu des informations consultables est exclue dans la mesure o\u00f9 il ne s&rsquo;agit pas d&rsquo;une information erron\u00e9e intentionnelle ou due \u00e0 une n\u00e9gligence grave. Les obligations de supprimer ou de bloquer l&rsquo;utilisation d&rsquo;informations conform\u00e9ment aux lois g\u00e9n\u00e9rales restent inchang\u00e9es. Une responsabilit\u00e9 \u00e0 cet \u00e9gard n&rsquo;est toutefois possible qu&rsquo;\u00e0 partir du moment o\u00f9 une violation concr\u00e8te de la loi est connue. D\u00e8s la prise de connaissance d&rsquo;une telle violation, nous supprimerons imm\u00e9diatement les contenus concern\u00e9s.<\/p>\n<p><strong>Responsabilit\u00e9 pour les liens<\/strong><br \/>Nous ne sommes pas responsables du contenu des sites web accessibles par un lien hypertexte. Seuls les exploitants de ces sites sont responsables de leur contenu. Nous ne nous approprions express\u00e9ment pas le contenu de ces sites Internet et ne pouvons donc pas garantir l&rsquo;exactitude, l&rsquo;exhaustivit\u00e9 et la disponibilit\u00e9 de leur contenu. Lors de la premi\u00e8re connexion, nous avons certes v\u00e9rifi\u00e9 le contenu \u00e9tranger pour voir s&rsquo;il pouvait entra\u00eener une responsabilit\u00e9 civile ou p\u00e9nale. Nous ne sommes cependant pas tenus de v\u00e9rifier en permanence si les contenus auxquels nous renvoyons dans notre offre ont subi des modifications susceptibles de justifier une nouvelle responsabilit\u00e9. Ce n&rsquo;est que si nous constatons ou si nous sommes inform\u00e9s par d&rsquo;autres qu&rsquo;une offre concr\u00e8te pour laquelle nous avons mis un lien \u00e0 disposition d\u00e9clenche une responsabilit\u00e9 civile ou p\u00e9nale, que nous supprimerons le renvoi \u00e0 cette offre, dans la mesure o\u00f9 cela est techniquement possible et raisonnable.<\/p>\n<p><strong>Droit d&rsquo;auteur<\/strong><br \/>Les contenus et les \u0153uvres de nos pages web sont soumis au droit d&rsquo;auteur allemand. Toutes les contributions de tiers sont identifi\u00e9es comme telles. La reproduction, le traitement, la diffusion et toute forme d&rsquo;exploitation en dehors des limites du droit d&rsquo;auteur requi\u00e8rent l&rsquo;accord \u00e9crit de l&rsquo;auteur ou du cr\u00e9ateur concern\u00e9. Les copies de ces pages ne sont autoris\u00e9es que pour un usage priv\u00e9, et non \u00e0 des fins commerciales.<\/p>\n<p><strong>D\u00e9claration de protection des donn\u00e9es<br \/><\/strong>Le service responsable au sens de la l\u00e9gislation sur la protection des donn\u00e9es, en particulier du r\u00e8glement g\u00e9n\u00e9ral sur la protection des donn\u00e9es de l&rsquo;UE (RGPD), est le suivant:<br \/>MAP INDOOR DEU GmbH<br \/>Lindberghstr. 8<br \/>80939 Munich<br \/>T\u00e9l\u00e9phone: +49 (0) 89 74034233<br \/>E-Mail: info@mapindoor.eu<\/p>\n<p><strong>Vos droits en tant que personne concern\u00e9e<br \/><\/strong>Vous pouvez \u00e0 tout moment exercer les droits suivants en utilisant les coordonn\u00e9es indiqu\u00e9es de notre responsable de la protection des donn\u00e9es :<\/p>\n<ul>\n<li>Renseignements sur vos donn\u00e9es enregistr\u00e9es chez nous et sur leur traitement,<\/li>\n<li>Rectification des donn\u00e9es personnelles inexactes,<\/li>\n<li>Suppression de vos donn\u00e9es enregistr\u00e9es chez nous,<\/li>\n<li>Limitation du traitement des donn\u00e9es, dans la mesure o\u00f9 nous ne sommes pas encore autoris\u00e9s \u00e0 supprimer vos donn\u00e9es en raison d&rsquo;obligations l\u00e9gales,<\/li>\n<li>opposition au traitement de vos donn\u00e9es chez nous et<\/li>\n<li>la portabilit\u00e9 des donn\u00e9es, dans la mesure o\u00f9 vous avez consenti au traitement des donn\u00e9es ou conclu un contrat avec nous.<\/li>\n<\/ul>\n<p>Si vous nous avez donn\u00e9 votre consentement, vous pouvez le r\u00e9voquer \u00e0 tout moment avec effet pour l&rsquo;avenir.<br \/>Vous pouvez \u00e0 tout moment d\u00e9poser une plainte aupr\u00e8s de l&rsquo;autorit\u00e9 de surveillance comp\u00e9tente pour vous. Votre autorit\u00e9 de surveillance comp\u00e9tente d\u00e9pend de votre province de r\u00e9sidence, de votre travail ou de la violation pr\u00e9sum\u00e9e. Vous trouverez une liste des autorit\u00e9s de surveillance (pour le secteur non public) avec leur adresse \u00e0 l&rsquo;adresse suivante: <span style=\"color: #ff0000;\"><a style=\"color: #ff0000;\" href=\"https:\/\/www.bfdi.bund.de\/DE\/Infothek\/Anschriften_Links\/anschriften_links-node.html\" target=\"_blank\" rel=\"noopener noreferrer\">https:\/\/www.bfdi.bund.de\/DE\/Infothek\/Anschriften_Links\/anschriften_links-node.html<\/a>.<\/span><\/p>\n<p><strong>Finalit\u00e9s du traitement des donn\u00e9es par l&rsquo;organisme responsable et les tiers<br \/><\/strong>Nous ne traitons vos donn\u00e9es personnelles qu&rsquo;aux fins mentionn\u00e9es dans la pr\u00e9sente d\u00e9claration de confidentialit\u00e9. Vos donn\u00e9es personnelles ne sont pas transmises \u00e0 des tiers \u00e0 des fins autres que celles mentionn\u00e9es. Nous ne transmettons vos donn\u00e9es personnelles \u00e0 des tiers que si :<\/p>\n<ul>\n<li>vous avez donn\u00e9 votre consentement explicite \u00e0 cet effet<\/li>\n<li>le traitement est n\u00e9cessaire \u00e0 l&rsquo;ex\u00e9cution d&rsquo;un contrat avec vous,<\/li>\n<li>le traitement est n\u00e9cessaire au respect d&rsquo;une obligation l\u00e9gale,<\/li>\n<\/ul>\n<p>le traitement est n\u00e9cessaire \u00e0 la sauvegarde d&rsquo;int\u00e9r\u00eats l\u00e9gitimes et qu&rsquo;il n&rsquo;existe aucune raison de penser que vous avez un int\u00e9r\u00eat l\u00e9gitime pr\u00e9pond\u00e9rant \u00e0 ce que vos donn\u00e9es ne soient pas divulgu\u00e9es.<\/p>\n<p><strong>Suppression ou blocage des donn\u00e9es<br \/><\/strong>Nous respectons les principes de pr\u00e9vention et d&rsquo;\u00e9conomie des donn\u00e9es. Nous ne conservons donc vos donn\u00e9es personnelles qu&rsquo;aussi longtemps que cela est n\u00e9cessaire pour atteindre les objectifs mentionn\u00e9s ici ou comme le pr\u00e9voient les multiples d\u00e9lais de conservation pr\u00e9vus par le l\u00e9gislateur. Apr\u00e8s la disparition de la finalit\u00e9 respective ou l&rsquo;expiration de ces d\u00e9lais, les donn\u00e9es correspondantes sont bloqu\u00e9es ou effac\u00e9es de mani\u00e8re routini\u00e8re et conform\u00e9ment aux prescriptions l\u00e9gales.<\/p>\n<p><strong>Cookies<br \/><\/strong>Comme de nombreux autres sites web, nous utilisons \u00e9galement des \u00ab\u00a0cookies\u00a0\u00bb. Les cookies sont de petits fichiers texte qui sont transf\u00e9r\u00e9s sur votre disque dur par un serveur de site web. Cela nous permet d&rsquo;obtenir automatiquement certaines donn\u00e9es telles que l&rsquo;adresse IP, le navigateur utilis\u00e9, le syst\u00e8me d&rsquo;exploitation et votre connexion \u00e0 Internet.<br \/>Les cookies ne peuvent pas \u00eatre utilis\u00e9s pour lancer des programmes ou transmettre des virus \u00e0 un ordinateur. Gr\u00e2ce aux informations contenues dans les cookies, nous pouvons vous faciliter la navigation et vous permettre d&rsquo;afficher correctement nos pages web.<br \/>En aucun cas, les donn\u00e9es que nous collectons ne sont transmises \u00e0 des tiers ou mises en relation avec des donn\u00e9es personnelles sans votre consentement.<br \/>Bien entendu, vous pouvez en principe aussi consulter notre site web sans cookies. Les navigateurs Internet sont r\u00e9guli\u00e8rement configur\u00e9s pour accepter les cookies. En g\u00e9n\u00e9ral, vous pouvez \u00e0 tout moment d\u00e9sactiver l&rsquo;utilisation de cookies en modifiant les param\u00e8tres de votre navigateur. Veuillez utiliser les fonctions d&rsquo;aide de votre navigateur Internet pour savoir comment modifier ces param\u00e8tres. Veuillez noter que certaines fonctions de notre site web peuvent ne pas fonctionner si vous avez d\u00e9sactiv\u00e9 l&rsquo;utilisation de cookies.<\/p>\n<p><strong>Cryptage SSL<br \/><\/strong>Afin de prot\u00e9ger la s\u00e9curit\u00e9 de vos donn\u00e9es lors de leur transmission, nous utilisons des proc\u00e9dures de cryptage conformes \u00e0 l&rsquo;\u00e9tat actuel de la technique (par ex. SSL) via HTTPS.<\/p>\n<p><strong>Utilisation de biblioth\u00e8ques de scripts (Google Webfonts)<br \/><\/strong>Afin d&rsquo;afficher correctement et graphiquement nos contenus sur tous les navigateurs, nous utilisons sur ce site des biblioth\u00e8ques de scripts et des biblioth\u00e8ques de polices telles que Google Webfont (<span style=\"color: #ff0000;\"><a style=\"color: #ff0000;\" href=\"http:\/\/www.google.com\/webfonts\/\" target=\"_blank\" rel=\"noopener noreferrer\">https:\/\/www.google.com\/webfonts\/<\/a><\/span>). Les polices Google Web sont transf\u00e9r\u00e9es dans le cache de votre navigateur afin d&rsquo;\u00e9viter des chargements r\u00e9p\u00e9t\u00e9s. Si le navigateur ne prend pas en charge les Google Webfonts ou en interdit l&rsquo;acc\u00e8s, les contenus sont affich\u00e9s dans une police standard.<br \/>L&rsquo;appel de biblioth\u00e8ques de scripts ou de polices d\u00e9clenche automatiquement une connexion \u00e0 l&rsquo;exploitant de la biblioth\u00e8que. Il est th\u00e9oriquement possible que les exploitants des biblioth\u00e8ques concern\u00e9es collectent des donn\u00e9es, mais on ne sait pas actuellement si et, le cas \u00e9ch\u00e9ant, \u00e0 quelles fins.<br \/>Vous trouverez ici la directive sur la protection des donn\u00e9es de l&rsquo;exploitant de la biblioth\u00e8que Google :\u00a0<span style=\"color: #ff0000;\"><a style=\"color: #ff0000;\" href=\"https:\/\/www.google.com\/policies\/privacy\/\" target=\"_blank\" rel=\"noopener noreferrer\">https:\/\/www.google.com\/policies\/privacy\/<\/a><\/span><\/p>\n<p><strong>Utilisation de Google Maps<br \/><\/strong>Ce site web utilise l&rsquo;API Google Maps pour repr\u00e9senter visuellement des informations g\u00e9ographiques. Lors de l&rsquo;utilisation de Google Maps, Google collecte, traite et utilise \u00e9galement des donn\u00e9es relatives \u00e0 l&rsquo;utilisation des fonctions cartographiques par les visiteurs. Vous pouvez obtenir de plus amples informations sur le traitement des donn\u00e9es par Google en cliquant sur le lien suivant pr\u00e9lever <span style=\"color: #ff0000;\"><a style=\"color: #ff0000;\" href=\"http:\/\/www.google.com\/privacypolicy.html\" target=\"_blank\" rel=\"noopener noreferrer\">Google-Avis de confidentialit\u00e9<\/a><\/span>. Vous pouvez \u00e9galement y modifier vos param\u00e8tres de confidentialit\u00e9 personnels dans le centre de confidentialit\u00e9.<br \/>Instructions d\u00e9taill\u00e9es sur la gestion de vos donn\u00e9es personnelles en relation avec les produits Google<span style=\"color: #ff0000;\"><a style=\"color: #ff0000;\" href=\"http:\/\/www.dataliberation.org\/\" target=\"_blank\" rel=\"noopener noreferrer\"> vous trouverez ici<\/a><\/span>.<\/p>\n<p><strong>Vid\u00e9os YouTube int\u00e9gr\u00e9es<br \/><\/strong>Sur certaines de nos pages web, nous int\u00e9grons des vid\u00e9os Youtube. L&rsquo;exploitant des plugins correspondants est YouTube, LLC, 901 Cherry Ave., San Bruno, CA 94066, USA. Lorsque vous visitez une page avec le plug-in YouTube, une connexion est \u00e9tablie avec les serveurs de Youtube. Youtube est alors inform\u00e9 des pages que vous visitez. Si vous \u00eates connect\u00e9 \u00e0 votre compte Youtube, Youtube peut vous attribuer personnellement votre comportement de navigation. Vous pouvez \u00e9viter cela en vous d\u00e9connectant au pr\u00e9alable de votre compte Youtube.<br \/>Lorsqu&rsquo;une vid\u00e9o Youtube est lanc\u00e9e, le fournisseur utilise des cookies qui collectent des informations sur le comportement de l&rsquo;utilisateur.<br \/>Si vous avez d\u00e9sactiv\u00e9 l&rsquo;enregistrement de cookies pour le programme publicitaire de Google, vous n&rsquo;aurez pas \u00e0 faire face \u00e0 de tels cookies lorsque vous regarderez des vid\u00e9os Youtube. Youtube enregistre \u00e9galement des informations d&rsquo;utilisation non personnelles dans d&rsquo;autres cookies. Si vous souhaitez emp\u00eacher cela, vous devez bloquer l&rsquo;enregistrement des cookies dans votre navigateur.Vous trouverez de plus amples informations sur la protection des donn\u00e9es chez \u00ab\u00a0Youtube\u00a0\u00bb dans la d\u00e9claration de protection des donn\u00e9es du fournisseur sous :<span style=\"color: #ff0000;\"> <a style=\"color: #ff0000;\" href=\"https:\/\/www.google.de\/intl\/de\/policies\/privacy\/\" target=\"_blank\" rel=\"noopener noreferrer\">https:\/\/www.google.de\/intl\/de\/policies\/privacy\/ <\/a><\/span><\/p>\n<p><strong>Modification de notre politique de confidentialit\u00e9<br \/><\/strong>Nous nous r\u00e9servons le droit d&rsquo;adapter la pr\u00e9sente d\u00e9claration de protection des donn\u00e9es afin qu&rsquo;elle soit toujours conforme aux exigences l\u00e9gales actuelles ou afin de mettre en \u0153uvre les modifications de nos prestations dans la d\u00e9claration de protection des donn\u00e9es, par exemple lors de l&rsquo;introduction de nouveaux services. La nouvelle d\u00e9claration de protection des donn\u00e9es s&rsquo;appliquera alors \u00e0 votre nouvelle visite.<\/p>\n<p><strong>Questions sur la protection des donn\u00e9es<br \/><\/strong>Si vous avez des questions concernant la protection des donn\u00e9es, veuillez nous envoyer un e-mail :<br \/><span style=\"color: #ff0000;\"><a style=\"color: #ff0000;\" href=\"mailto:info@mapindoor.eu\">info@mapindoor.eu<\/a><\/span><\/p>\n<p><!-- \/divi:heading --><\/p>\n<p>[\/et_pb_text][\/et_pb_column][\/et_pb_row][\/et_pb_section]<\/p>\n","protected":false},"excerpt":{"rendered":"<p>D\u00c9CLARATION DE PROTECTION DES DONN\u00c9ES Qui est responsable du traitement des donn\u00e9es et \u00e0 qui puis-je m&rsquo;adresser ? MAP INDOOR DEU GmbHLindberghstr. 880939 MunichDirecteur g\u00e9n\u00e9ral : Norbert VokalT\u00e9l\u00e9phone : +49 (0) 89 74034233E-Mail: info@mapindoor.euR\u00e9pertoire public des proc\u00e9duresNotre traitement de vos donn\u00e9es et vos droits &#8211; Information selon les articles 13, 14 et 21 du R\u00e8glement [&hellip;]<\/p>\n","protected":false},"author":2,"featured_media":0,"parent":0,"menu_order":0,"comment_status":"closed","ping_status":"closed","template":"","meta":{"_et_pb_use_builder":"on","_et_pb_old_content":"","_et_gb_content_width":"","footnotes":""},"class_list":["post-17164","page","type-page","status-publish","hentry"],"_links":{"self":[{"href":"https:\/\/mapindoor.eu\/fr\/wp-json\/wp\/v2\/pages\/17164","targetHints":{"allow":["GET"]}}],"collection":[{"href":"https:\/\/mapindoor.eu\/fr\/wp-json\/wp\/v2\/pages"}],"about":[{"href":"https:\/\/mapindoor.eu\/fr\/wp-json\/wp\/v2\/types\/page"}],"author":[{"embeddable":true,"href":"https:\/\/mapindoor.eu\/fr\/wp-json\/wp\/v2\/users\/2"}],"replies":[{"embeddable":true,"href":"https:\/\/mapindoor.eu\/fr\/wp-json\/wp\/v2\/comments?post=17164"}],"version-history":[{"count":2,"href":"https:\/\/mapindoor.eu\/fr\/wp-json\/wp\/v2\/pages\/17164\/revisions"}],"predecessor-version":[{"id":17166,"href":"https:\/\/mapindoor.eu\/fr\/wp-json\/wp\/v2\/pages\/17164\/revisions\/17166"}],"wp:attachment":[{"href":"https:\/\/mapindoor.eu\/fr\/wp-json\/wp\/v2\/media?parent=17164"}],"curies":[{"name":"wp","href":"https:\/\/api.w.org\/{rel}","templated":true}]}}